{"id":8,"date":"2013-10-27T18:56:49","date_gmt":"2013-10-27T18:56:49","guid":{"rendered":"http:\/\/www.iacobellipro.cl\/site\/?page_id=8"},"modified":"2021-04-18T04:44:46","modified_gmt":"2021-04-18T04:44:46","slug":"nosotros","status":"publish","type":"page","link":"https:\/\/www.iacobellipro.cl\/site\/nosotros\/","title":{"rendered":"HISTORIA"},"content":{"rendered":"<p>Con 20 a\u00f1os de experiencia, somos una empresa de producciones t\u00e9cnicas para eventos de diferentes caracter\u00edsticas, requerimientos y p\u00fablicos, entre ellos: recitales, matrimonios, encuentros deportivos, fiestas y actividades corporativas.<\/p>\n<p>Nos caracterizamos por entregar un servicio de calidad, aportando asesor\u00eda y orientaci\u00f3n a nuestros clientes para la realizaci\u00f3n de sus producciones, desde la concepci\u00f3n, log\u00edstica y operaci\u00f3n en terreno, garantizando el \u00f3ptimo resultado de \u00e9stas.<\/p>\n<p>Nuestro sello distintivo est\u00e1 en que los equipos e infraestructura que utilizamos son propios, lo que se traduce en una excelente oferta de servicios, al mejor costo y calidad. Adem\u00e1s, contamos con un equipo de profesionales para cada una de las \u00e1reas de operaci\u00f3n, lo que nos permite entregar propuestas y soluciones oportunas para diferentes situaciones.<\/p>\n","protected":false},"excerpt":{"rendered":"<p>Con 20 a\u00f1os de experiencia, somos una empresa de producciones t\u00e9cnicas para eventos de diferentes caracter\u00edsticas, requerimientos y p\u00fablicos, entre ellos: recitales, matrimonios, encuentros deportivos, fiestas y actividades corporativas.<\/p>\n<p>Nos caracterizamos &#8230;<\/p>\n","protected":false},"author":2,"featured_media":0,"parent":0,"menu_order":2,"comment_status":"open","ping_status":"closed","template":"template-full.php","meta":{"footnotes":""},"class_list":["post-8","page","type-page","status-publish","hentry"],"_links":{"self":[{"href":"https:\/\/www.iacobellipro.cl\/site\/wp-json\/wp\/v2\/pages\/8","targetHints":{"allow":["GET"]}}],"collection":[{"href":"https:\/\/www.iacobellipro.cl\/site\/wp-json\/wp\/v2\/pages"}],"about":[{"href":"https:\/\/www.iacobellipro.cl\/site\/wp-json\/wp\/v2\/types\/page"}],"author":[{"embeddable":true,"href":"https:\/\/www.iacobellipro.cl\/site\/wp-json\/wp\/v2\/users\/2"}],"replies":[{"embeddable":true,"href":"https:\/\/www.iacobellipro.cl\/site\/wp-json\/wp\/v2\/comments?post=8"}],"version-history":[{"count":8,"href":"https:\/\/www.iacobellipro.cl\/site\/wp-json\/wp\/v2\/pages\/8\/revisions"}],"predecessor-version":[{"id":754,"href":"https:\/\/www.iacobellipro.cl\/site\/wp-json\/wp\/v2\/pages\/8\/revisions\/754"}],"wp:attachment":[{"href":"https:\/\/www.iacobellipro.cl\/site\/wp-json\/wp\/v2\/media?parent=8"}],"curies":[{"name":"wp","href":"https:\/\/api.w.org\/{rel}","templated":true}]}}