{"id":10,"date":"2013-10-27T18:57:02","date_gmt":"2013-10-27T18:57:02","guid":{"rendered":"http:\/\/www.iacobellipro.cl\/site\/?page_id=10"},"modified":"2019-09-07T21:00:48","modified_gmt":"2019-09-07T21:00:48","slug":"servicios","status":"publish","type":"page","link":"https:\/\/www.iacobellipro.cl\/site\/servicios\/","title":{"rendered":"Servicios"},"content":{"rendered":"<p>Nos caracterizamos por entregar un servicio de primera calidad y acorde con los m\u00e1s altos est\u00e1ndares de seguridad. Para ello, invertimos en lo mejor: la \u00faltima tecnolog\u00eda, y siempre estamos a la vanguardia mundial, para as\u00ed cubrir las necesidades t\u00e9cnicas de nuestros clientes.<br \/>\nEntregamos asesor\u00eda y servicios de:<\/p>\n<p>[su_accordion]<\/p>\n<p>[su_spoiler title=\u00bbEstructuras Truss\u00bb]<br \/>\nSoportes y p\u00f3rticos de diferentes medidas para sistemas de iluminaci\u00f3n y\/o suspensi\u00f3n de audio, gr\u00e1ficas, etc.<br \/>\nVallas\/Rejas Papales (cierre perimetral)<br \/>\n[\/su_spoiler]<\/p>\n<p>[su_spoiler title=\u00bbEscenarios\u00bb]<br \/>\nPoseemos m\u00e1s de 400 mt2 de escenario, plataformas modulares y de acr\u00edlico.<br \/>\n[\/su_spoiler]<\/p>\n<p>[su_spoiler title=\u00bbGeneradores\u00bb]<br \/>\nTrif\u00e1sicos de 15 a 150KVA insonorizados y monof\u00e1sicos de 7000w. Tableros de distribuci\u00f3n, para fiestas y ferias.<br \/>\n[\/su_spoiler]<\/p>\n<p>[su_spoiler title=\u00bbPantallas\u00bb]<br \/>\nTelones mecano de diferentes medidas y proyectores de hasta 6500 Ansi l\u00famenes.<br \/>\nPantallas LED P3 y P6 \u00a0outdoor e indoor en diversas medidas.<br \/>\nCCTV circuito cerrado de TV.[\/su_spoiler]<\/p>\n<p>[su_spoiler title=\u00bbIluminaci\u00f3n\u00bb]<br \/>\nPerimetral, decorativa, escenario y grandes espect\u00e1culos.<\/p>\n<p>[\/su_spoiler]<\/p>\n<p>[su_spoiler title=\u00bbSistemas de Audio Profesional\u00bb]<br \/>\nAmplificaci\u00f3n para todo tipo de evento y tama\u00f1o.<br \/>\n[\/su_spoiler]<br \/>\n[\/su_accordion]<\/p>\n<p>Y para complementar su producci\u00f3n, tenemos una completa red de proveedores que lo apoyar\u00e1n en sus requerimientos de banqueter\u00eda, gesti\u00f3n de artistas y anfitriones, entre otros.<\/p>\n","protected":false},"excerpt":{"rendered":"<p>Nos caracterizamos por entregar un servicio de primera calidad y acorde con los m\u00e1s altos est\u00e1ndares de seguridad. Para ello, invertimos en lo mejor: la \u00faltima tecnolog\u00eda, y siempre estamos &#8230;<\/p>\n","protected":false},"author":2,"featured_media":0,"parent":0,"menu_order":3,"comment_status":"open","ping_status":"closed","template":"template-full.php","meta":{"footnotes":""},"class_list":["post-10","page","type-page","status-publish","hentry"],"_links":{"self":[{"href":"https:\/\/www.iacobellipro.cl\/site\/wp-json\/wp\/v2\/pages\/10","targetHints":{"allow":["GET"]}}],"collection":[{"href":"https:\/\/www.iacobellipro.cl\/site\/wp-json\/wp\/v2\/pages"}],"about":[{"href":"https:\/\/www.iacobellipro.cl\/site\/wp-json\/wp\/v2\/types\/page"}],"author":[{"embeddable":true,"href":"https:\/\/www.iacobellipro.cl\/site\/wp-json\/wp\/v2\/users\/2"}],"replies":[{"embeddable":true,"href":"https:\/\/www.iacobellipro.cl\/site\/wp-json\/wp\/v2\/comments?post=10"}],"version-history":[{"count":31,"href":"https:\/\/www.iacobellipro.cl\/site\/wp-json\/wp\/v2\/pages\/10\/revisions"}],"predecessor-version":[{"id":751,"href":"https:\/\/www.iacobellipro.cl\/site\/wp-json\/wp\/v2\/pages\/10\/revisions\/751"}],"wp:attachment":[{"href":"https:\/\/www.iacobellipro.cl\/site\/wp-json\/wp\/v2\/media?parent=10"}],"curies":[{"name":"wp","href":"https:\/\/api.w.org\/{rel}","templated":true}]}}